{"id":2241,"date":"2017-03-27T19:48:12","date_gmt":"2017-03-27T19:48:12","guid":{"rendered":"http:\/\/stack-variant.tommusdemos.wpengine.com\/?page_id=2241"},"modified":"2023-09-04T21:44:18","modified_gmt":"2023-09-04T21:44:18","slug":"portfolios","status":"publish","type":"page","link":"https:\/\/eldatoconsulting.com\/?page_id=2241","title":{"rendered":"Portfolio"},"content":{"rendered":"\n    <section class=\"bg--primary space--xxs\">\n        <div class=\"container\">\n            <div class=\"row\">\n                <div class=\"col-sm-12\">\n                    <h1 style=\"text-align: center;\"><strong>\u00bfQu\u00e9 hacemos?<span> <\/span><\/strong><\/h1>\n                    <h3 style=\"text-align: center;\">Una empresa dispone de insights cuando cuenta con informaci\u00f3n de valor que le permite generar inteligencia y entender qu\u00e9 est\u00e1 pasando, por qu\u00e9 y c\u00f3mo se puede solucionar o mejorar algo<\/h3>\n                <\/div>\n            <\/div>\n            <!--end of row-->\n        <\/div>\n        <!--end of container-->\n    <\/section>\n    <section class=\"switchable feature-large space--xs text-justify\">\n        <div class=\"container\">\n            <div class=\"row\">\n                <div class=\"col-sm-6\"> <img alt=\"\" class=\"border--round box-shadow-wide\" src=\"https:\/\/eldatoconsulting.com\/wp-content\/uploads\/2023\/09\/pexels-gustavo-fring-4173326-scaled.jpg\"> <\/div>\n                <div class=\"col-sm-6 col-md-5\">\n                    <div class=\"switchable__text\">\n                        <h2>Investigaci\u00f3n de consumo y an\u00e1lisis del consumidor<\/h2>\n                        <p class=\"lead\"><span>La experiencia del cliente es clave para conseguir diferenciarse de los competidores y conseguir que el consumidor final tenga experiencias \u00fanicas<\/span><span> <\/span><\/p><a href=\"https:\/\/eldatoconsulting.com\/?page_id=5660\">Leer m\u00e1s \u00bb<\/a><\/div>\n                <\/div>\n            <\/div>\n            <!--end of row-->\n        <\/div>\n        <!--end of container-->\n    <\/section>\n    <section class=\"switchable feature-large bg--secondary switchable--switch text-justify space--xs\">\n        <div class=\"container\">\n            <div class=\"row\">\n                <div class=\"col-sm-6\"> <img alt=\"\" class=\"border--round box-shadow-wide\" src=\"https:\/\/eldatoconsulting.com\/wp-content\/uploads\/2019\/12\/photo-1473042904451-00171c69419d-scaled.jpg\"> <\/div>\n                <div class=\"col-sm-6 col-md-5\">\n                    <div class=\"switchable__text\">\n                        <h2>Estudios sobre transporte y movilidad sostenible<\/h2>\n                        <p class=\"lead\">Es importante desarrollar un transporte eficaz y eficiente que mejore las condiciones del medio ambiente y se preocupa por la calidad de vida de las personas, pero tambi\u00e9n es fundamental analizar y buscar las mejores soluciones y conocer su impacto real en las necesidades de los ciudadanos<\/p><a href=\"https:\/\/eldatoconsulting.com\/?page_id=5658\">Leer m\u00e1s \u00bb<\/a>\n                        <p>&nbsp;<\/p>\n                    <\/div>\n                <\/div>\n            <\/div>\n            <!--end of row-->\n        <\/div>\n        <!--end of container-->\n    <\/section>\n    <section class=\"switchable feature-large text-justify space--xs\">\n        <div class=\"container\">\n            <div class=\"row\">\n                <div class=\"col-sm-6\"> <img alt=\"\" class=\"border--round box-shadow-wide\" src=\"https:\/\/eldatoconsulting.com\/wp-content\/uploads\/2023\/09\/jacek-dylag-PMxT0XtQ-A-unsplash-scaled.jpg\"> <\/div>\n                <div class=\"col-sm-6 col-md-5\">\n                    <div class=\"switchable__text\">\n                        <h2>Estudios sociol\u00f3gicos y de opini\u00f3n p\u00fablica<\/h2>\n                        <p class=\"lead\">La experiencia del cliente es clave para conseguir diferenciarse de los competidores y conseguir que el consumidor final tenga experiencias \u00fanicas<\/p><a href=\"https:\/\/eldatoconsulting.com\/?page_id=5662\">Leer m\u00e1s \u00bb<\/a><\/div>\n                <\/div>\n            <\/div>\n            <!--end of row-->\n        <\/div>\n        <!--end of container-->\n    <\/section>\n","protected":false},"excerpt":{"rendered":"<p>\u00bfQu\u00e9 hacemos? Una empresa dispone de insights cuando cuenta con informaci\u00f3n de valor que le permite generar inteligencia y entender qu\u00e9 est\u00e1&#8230;<\/p>\n","protected":false},"author":1,"featured_media":0,"parent":0,"menu_order":0,"comment_status":"closed","ping_status":"closed","template":"","meta":{"_monsterinsights_skip_tracking":false,"_monsterinsights_sitenote_active":false,"_monsterinsights_sitenote_note":"","_monsterinsights_sitenote_category":0,"_uf_show_specific_survey":0,"_uf_disable_surveys":false,"footnotes":""},"class_list":["post-2241","page","type-page","status-publish","hentry"],"aioseo_notices":[],"jetpack_sharing_enabled":true,"_links":{"self":[{"href":"https:\/\/eldatoconsulting.com\/index.php?rest_route=\/wp\/v2\/pages\/2241","targetHints":{"allow":["GET"]}}],"collection":[{"href":"https:\/\/eldatoconsulting.com\/index.php?rest_route=\/wp\/v2\/pages"}],"about":[{"href":"https:\/\/eldatoconsulting.com\/index.php?rest_route=\/wp\/v2\/types\/page"}],"author":[{"embeddable":true,"href":"https:\/\/eldatoconsulting.com\/index.php?rest_route=\/wp\/v2\/users\/1"}],"replies":[{"embeddable":true,"href":"https:\/\/eldatoconsulting.com\/index.php?rest_route=%2Fwp%2Fv2%2Fcomments&post=2241"}],"version-history":[{"count":29,"href":"https:\/\/eldatoconsulting.com\/index.php?rest_route=\/wp\/v2\/pages\/2241\/revisions"}],"predecessor-version":[{"id":5715,"href":"https:\/\/eldatoconsulting.com\/index.php?rest_route=\/wp\/v2\/pages\/2241\/revisions\/5715"}],"wp:attachment":[{"href":"https:\/\/eldatoconsulting.com\/index.php?rest_route=%2Fwp%2Fv2%2Fmedia&parent=2241"}],"curies":[{"name":"wp","href":"https:\/\/api.w.org\/{rel}","templated":true}]}}