{"id":4131,"date":"2019-12-30T15:20:45","date_gmt":"2019-12-30T15:20:45","guid":{"rendered":"http:\/\/eldatoconsulting.com\/?page_id=4131"},"modified":"2023-09-13T08:17:27","modified_gmt":"2023-09-13T08:17:27","slug":"inicio","status":"publish","type":"page","link":"https:\/\/eldatoconsulting.com\/","title":{"rendered":"Inicio"},"content":{"rendered":"\n    <section class=\"cover text-center space--xs\">\n        <div class=\"container\">\n            <div class=\"row\">\n                <div class=\"col-sm-8 col-sm-offset-2 col-md-6 col-md-offset-3\">\n                    \n                        <h1 style=\"text-align: center;\">Estudios de Mercado Cuantitativos y Cualitativos<\/h1>\n                        <p class=\"lead\" style=\"text-align: center;\">Ofrecemos Estudios de Opini\u00f3n, Investigaci\u00f3n de Consumo, Mystery Shopper y Estudios de Transporte y Movilidad Sostenible<\/p>\n                    \n                <\/div>\n                <div class=\"col-sm-12\">\n                    <div class=\"triptych border--round\"><img alt=\"\" src=\"https:\/\/eldatoconsulting.com\/wp-content\/uploads\/2023\/09\/nathalia-segato-Pt_8GczlxDg-unsplash-scaled-e1693951333308.jpg\"><img alt=\"\" src=\"https:\/\/eldatoconsulting.com\/wp-content\/uploads\/2023\/09\/pexels-andrea-piacquadio-3775120-scaled.jpg\"><img alt=\"\" src=\"https:\/\/eldatoconsulting.com\/wp-content\/uploads\/2023\/09\/cody-lannom-A_lrABLgbhk-unsplash-scaled.jpg\"><\/div>\n                <\/div>\n            <\/div>\n            <!--end of row-->\n        <\/div>\n        <!--end of container-->\n    <\/section>\n    <section class=\"bg--primary space--xs\">\n        <div class=\"container\">\n            <div class=\"row\">\n                <div class=\"col-sm-12\">\n                    <h1 style=\"text-align: center;\">Una visi\u00f3n global que tiene muy presente el punto neur\u00e1lgico de cualquier empresa:<\/h1>\n                    <h1 style=\"text-align: center;\">EL CLIENTE<\/h1>\n                    <h3 style=\"text-align: center;\"><span>La m\u00e1s avanzada tecnolog\u00eda al servicio de la comunicaci\u00f3n empresarial y comercial. La labor desempe\u00f1ada se ha sustentado en la calidad de los trabajos, la personalizaci\u00f3n de los mismos, la relaci\u00f3n calidad-eficacia, la continua satisfacci\u00f3n de nuestros clientes y la atenci\u00f3n permanente<\/span><\/h3>\n                <\/div>\n            <\/div>\n            <!--end of row-->\n        <\/div>\n        <!--end of container-->\n    <\/section>\n    <section class=\"space--xs\">\n        <div class=\"container\">\n            <div class=\"row\">\n                <div class=\"col-sm-12\">\n                    <h2 style=\"text-align: center;\">Nuestros n\u00fameros hablan por si solos<\/h2>\n                    <p class=\"lead\" style=\"text-align: center;\">Nuestros clientes nos avalan en los m\u00e1s de 15 a\u00f1os de experiencia que atesoramos<\/p>\n                <\/div>\n            <\/div>\n            <!--end of row-->\n        <\/div>\n        <!--end of container-->\n    <\/section>\n    <section class=\"text-center space--xs\">\n        <div class=\"container\">\n            <div class=\"row\">\n                <div class=\"col-sm-4 col-xs-12\">\n                    <div class=\"feature\">\n                        <div class=\"radial\" data-value=\"65\" data-size=\"208\" data-bar-width=\"8\" data-color=\"#4a90e2\"> <span class=\"h3 radial__label\" spellcheck=\"false\" data-ms-editor=\"true\"><p>Inspecciones y auditor\u00edas<br>\"Mystery Shopper\"<br><\/p><\/span>\n                            <editor-squiggler style=\"height: 0px; width: 0px;\">\n                                <style>\n                                    @media print {    .ms-editor-squiggler {        display:none !important;    }  }  .ms-editor-squiggler {    all: initial;    display: block !important;    height: 0px !important;    width: 0px !important;  }\n                                <\/style>\n                                <div class=\"ms-editor-squiggler\"><\/div>\n                            <\/editor-squiggler>\n                        <\/div>\n                        <!--end radial-->\n                        \n                            <p>M\u00e1s de 4.500 inspecciones y auditor\u00edas llevadas a cabo<\/p>\n                        \n                    <\/div>\n                <\/div>\n                <div class=\"col-sm-4 col-xs-12\">\n                    <div class=\"feature\">\n                        <div class=\"radial\" data-value=\"75\" data-size=\"208\" data-bar-width=\"8\" data-color=\"#4a90e2\"> <span class=\"h3 radial__label\" spellcheck=\"false\" data-ms-editor=\"true\">Encuestas<br>Telef\u00f3nicas<\/span>\n                            <editor-squiggler style=\"height: 0px; width: 0px;\">\n                                <style>\n                                    @media print {    .ms-editor-squiggler {        display:none !important;    }  }  .ms-editor-squiggler {    all: initial;    display: block !important;    height: 0px !important;    width: 0px !important;  }\n                                <\/style>\n                                <div class=\"ms-editor-squiggler\"><\/div>\n                            <\/editor-squiggler>\n                        <\/div>\n                        <!--end radial-->\n                        \n                            <p>M\u00e1s de 7.000 encuestas telef\u00f3nicas completadas<\/p>\n                        \n                    <\/div>\n                <\/div>\n                <div class=\"col-sm-4 col-xs-12\">\n                    <div class=\"feature\">\n                        <div class=\"radial\" data-value=\"85\" data-size=\"208\" data-bar-width=\"8\" data-color=\"#4a90e2\"> <span class=\"h3 radial__label\" spellcheck=\"false\" data-ms-editor=\"true\">Encuestas<br>Personales<\/span>\n                            <editor-squiggler style=\"height: 0px; width: 0px;\">\n                                <style>\n                                    @media print {    .ms-editor-squiggler {        display:none !important;    }  }  .ms-editor-squiggler {    all: initial;    display: block !important;    height: 0px !important;    width: 0px !important;  }\n                                <\/style>\n                                <div class=\"ms-editor-squiggler\"><\/div>\n                            <\/editor-squiggler>\n                        <\/div>\n                        <!--end radial-->\n                        \n                            <p>M\u00e1s de 65.500 encuestas personales realizadas<\/p>\n                        \n                    <\/div>\n                <\/div>\n            <\/div>\n            <!--end of row-->\n        <\/div>\n        <!--end of container-->\n    <\/section>\n    <section class=\"switchable feature-large text-justify bg--secondary\">\n        <div class=\"container\">\n            <div class=\"row\">\n                <div class=\"col-sm-6\"> <img alt=\"\" class=\"border--round box-shadow-wide\" src=\"https:\/\/eldatoconsulting.com\/wp-content\/uploads\/2023\/09\/pexels-fauxels-3183165-1-scaled-e1693774878445.jpg\"> <\/div>\n                <div class=\"col-sm-6 col-md-5\">\n                    <div class=\"switchable__text\">\n                        <h2>Siempre a su servicio<\/h2>\n                        <p>En <strong>eldato Consulting<\/strong> analizamos la situaci\u00f3n de un producto o servicio, abord\u00e1ndolo desde una perspectiva global e integradora, apoy\u00e1ndonos en procesos de recogida de informaci\u00f3n relevante y de calidad, que nos proporcionan la informaci\u00f3n necesaria para:<\/p>\n                        <li>Descubrir la opini\u00f3n de los consumidores o usuarios y fortalecer el servicio al cliente. <\/li>\n                        <li>Identificar el perfil y el comportamiento comercial del cliente objetivo. <\/li>\n                        <li>Conocer de antemano las preferencias y las necesidades de tu target. <\/li>\n                        <li>Analizar la competencia con el fin de conocer sus fortalezas y debilidades. <\/li>\n                        <li>Reducir el coste de ventas e identificar oportunidades de negocio <\/li>\n                        <li>Conocer los insights que permitan establecer y alcanzar los KPI\u2019S de la compa\u00f1\u00eda. <\/li>\n                        <li>Adaptar los productos a las condiciones de la demanda. <\/li>\n                        <li>Contar con informaci\u00f3n real y comprobada para la toma de decisiones de los distintos departamentos. <\/li>\n                        <li>Ayudar a crear campa\u00f1as de marketing espec\u00edficas.<\/li>\n                    <\/div>\n                <\/div>\n            <\/div>\n            <!--end of row-->\n        <\/div>\n        <!--end of container-->\n    <\/section>\n","protected":false},"excerpt":{"rendered":"<p>Estudios de Mercado Cuantitativos y Cualitativos Ofrecemos Estudios de Opini\u00f3n, Investigaci\u00f3n de Consumo, Mystery Shopper y Estudios de Transporte y Movilidad Sostenible&#8230;<\/p>\n","protected":false},"author":1,"featured_media":0,"parent":0,"menu_order":0,"comment_status":"closed","ping_status":"closed","template":"","meta":{"_monsterinsights_skip_tracking":false,"_monsterinsights_sitenote_active":false,"_monsterinsights_sitenote_note":"","_monsterinsights_sitenote_category":0,"_uf_show_specific_survey":0,"_uf_disable_surveys":false,"footnotes":""},"class_list":["post-4131","page","type-page","status-publish","hentry"],"aioseo_notices":[],"jetpack_sharing_enabled":true,"_links":{"self":[{"href":"https:\/\/eldatoconsulting.com\/index.php?rest_route=\/wp\/v2\/pages\/4131","targetHints":{"allow":["GET"]}}],"collection":[{"href":"https:\/\/eldatoconsulting.com\/index.php?rest_route=\/wp\/v2\/pages"}],"about":[{"href":"https:\/\/eldatoconsulting.com\/index.php?rest_route=\/wp\/v2\/types\/page"}],"author":[{"embeddable":true,"href":"https:\/\/eldatoconsulting.com\/index.php?rest_route=\/wp\/v2\/users\/1"}],"replies":[{"embeddable":true,"href":"https:\/\/eldatoconsulting.com\/index.php?rest_route=%2Fwp%2Fv2%2Fcomments&post=4131"}],"version-history":[{"count":38,"href":"https:\/\/eldatoconsulting.com\/index.php?rest_route=\/wp\/v2\/pages\/4131\/revisions"}],"predecessor-version":[{"id":5801,"href":"https:\/\/eldatoconsulting.com\/index.php?rest_route=\/wp\/v2\/pages\/4131\/revisions\/5801"}],"wp:attachment":[{"href":"https:\/\/eldatoconsulting.com\/index.php?rest_route=%2Fwp%2Fv2%2Fmedia&parent=4131"}],"curies":[{"name":"wp","href":"https:\/\/api.w.org\/{rel}","templated":true}]}}