{"id":4176,"date":"2019-12-30T15:21:18","date_gmt":"2019-12-30T15:21:18","guid":{"rendered":"http:\/\/eldatoconsulting.com\/?page_id=4176"},"modified":"2023-09-04T20:52:05","modified_gmt":"2023-09-04T20:52:05","slug":"empleo","status":"publish","type":"page","link":"https:\/\/eldatoconsulting.com\/?page_id=4176","title":{"rendered":"Empleo"},"content":{"rendered":"\n    <section class=\"bg--primary space--xxs\">\n        <div class=\"container\">\n            <div class=\"row\">\n                <div class=\"col-sm-12\">\n                    <h1 style=\"text-align: center;\"><strong>Empleo<span> <\/span><\/strong><\/h1>\n                    <h2>Velamos por el desarrollo profesional de nuestros empleados, proporcion\u00e1ndoles un plan de carrera adecuado a sus inquietudes y planes de crecimiento profesional<\/h2>\n                <\/div>\n            <\/div>\n            <!--end of row-->\n        <\/div>\n        <!--end of container-->\n    <\/section>\n    <section class=\"bg--dark space--xxs\">\n        <div class=\"container\">\n            <div class=\"row\">\n                <div class=\"col-sm-12\">\n                    <div class=\"typed-headline\"> <span class=\"h2 inline-block\"><p>Pasi\u00f3n por...<\/p><\/span> <span class=\"h2 inline-block typed-text typed-text--cursor color--primary\" data-typed-strings=\"el marketing,nuestros valores,nuestros clientes,nuestros compa\u00f1eros\"> <\/span> <\/div>\n                <\/div>\n            <\/div>\n            <!--end of row-->\n        <\/div>\n        <!--end of container-->\n    <\/section>\n    <section class=\"text-justify space--xs\">\n        <div class=\"container\">\n            <div class=\"row\">\n                <div class=\"col-sm-6\">\n                    <h4>\u00a1\u00danete a nosotros!<\/h4>\n                    <h2 class=\"lead\"><span>Valores como la confianza, el compromiso, la honestidad, el respeto mutuo y el reconocimiento rigen nuestra misi\u00f3n empresarial: conseguir la total satisfacci\u00f3n de nuestros clientes aport\u00e1ndoles las mejores soluciones y servicios en el \u00e1mbito de las tecnolog\u00edas de la informaci\u00f3n.<\/span><\/h2>\n                    <h2 class=\"lead\"><span>Crear un ambiente de trabajo que favorezca el desarrollo profesional de quienes integramos Daidalos es otro de los objetivos primordiales de nuestra pol\u00edtica de gesti\u00f3n de personas. En un entorno profesional altamente tecnol\u00f3gico como el nuestro tambi\u00e9n se nos antoja indispensable poner en valor el talento de las personas, y para conseguirlo aplicamos tres claves: saber, querer y poder.<\/span><\/h2>\n                <\/div>\n                <div class=\"col-sm-6\">\n                    <div class=\"boxed boxed--lg boxed--border bg--secondary\">\n                        <p><img class=\"alignnone size-large wp-image-4319\" src=\"https:\/\/eldatoconsulting.com\/wp-content\/uploads\/2019\/12\/photo-1499540633125-484965b60031-1024x683.jpg\" alt=\"\" width=\"1024\" height=\"683\"><\/p>\n                    <\/div>\n                <\/div>\n            <\/div>\n            <!--end of row-->\n        <\/div>\n        <!--end of container-->\n    <\/section>\n    <section class=\"bg--secondary space--xs text-center\">\n        <div class=\"container\">\n            <div class=\"row\">\n                <div class=\"col-sm-12\">\n                    <h1>Siempre estamos a la b\u00fasqueda del talento<\/h1>\n                    <h2 class=\"lead\"><span>Si tu deseo es unirte a un equipo profesional altamente cualificado, eldato Consulting es sin duda tu elecci\u00f3n<\/span>.<\/h2><a class=\"btn btn--primary type--uppercase\" href=\"mailto: info@eldatoconsulting.com\"><span class=\"btn__text\">env\u00edanos tu curriculum<\/span><\/a>\n                    <h6>&nbsp;<\/h6>\n                    <h6>&nbsp;<\/h6>\n                    <h6 style=\"text-align: center;\">Haciendo click en \"ENV\u00cdANOS TU CURRICULUM\" est\u00e1 otorgando su consentimiento a nuestra <a href=\"https:\/\/eldatoconsulting.com\/?page_id=4565\" target=\"_blank\" rel=\"noopener\">pol\u00edtica de privacidad<\/a><\/h6>\n                <\/div>\n            <\/div>\n            <!--end of row-->\n        <\/div>\n        <!--end of container-->\n    <\/section>\n","protected":false},"excerpt":{"rendered":"<p>Empleo Velamos por el desarrollo profesional de nuestros empleados, proporcion\u00e1ndoles un plan de carrera adecuado a sus inquietudes y planes de crecimiento&#8230;<\/p>\n","protected":false},"author":1,"featured_media":0,"parent":0,"menu_order":0,"comment_status":"closed","ping_status":"closed","template":"","meta":{"_monsterinsights_skip_tracking":false,"_monsterinsights_sitenote_active":false,"_monsterinsights_sitenote_note":"","_monsterinsights_sitenote_category":0,"_uf_show_specific_survey":0,"_uf_disable_surveys":false,"footnotes":""},"class_list":["post-4176","page","type-page","status-publish","hentry"],"aioseo_notices":[],"jetpack_sharing_enabled":true,"_links":{"self":[{"href":"https:\/\/eldatoconsulting.com\/index.php?rest_route=\/wp\/v2\/pages\/4176","targetHints":{"allow":["GET"]}}],"collection":[{"href":"https:\/\/eldatoconsulting.com\/index.php?rest_route=\/wp\/v2\/pages"}],"about":[{"href":"https:\/\/eldatoconsulting.com\/index.php?rest_route=\/wp\/v2\/types\/page"}],"author":[{"embeddable":true,"href":"https:\/\/eldatoconsulting.com\/index.php?rest_route=\/wp\/v2\/users\/1"}],"replies":[{"embeddable":true,"href":"https:\/\/eldatoconsulting.com\/index.php?rest_route=%2Fwp%2Fv2%2Fcomments&post=4176"}],"version-history":[{"count":17,"href":"https:\/\/eldatoconsulting.com\/index.php?rest_route=\/wp\/v2\/pages\/4176\/revisions"}],"predecessor-version":[{"id":5694,"href":"https:\/\/eldatoconsulting.com\/index.php?rest_route=\/wp\/v2\/pages\/4176\/revisions\/5694"}],"wp:attachment":[{"href":"https:\/\/eldatoconsulting.com\/index.php?rest_route=%2Fwp%2Fv2%2Fmedia&parent=4176"}],"curies":[{"name":"wp","href":"https:\/\/api.w.org\/{rel}","templated":true}]}}