{"id":5660,"date":"2023-09-04T19:26:32","date_gmt":"2023-09-04T19:26:32","guid":{"rendered":"https:\/\/eldatoconsulting.com\/?page_id=5660"},"modified":"2023-09-05T21:51:07","modified_gmt":"2023-09-05T21:51:07","slug":"consumo","status":"publish","type":"page","link":"https:\/\/eldatoconsulting.com\/?page_id=5660","title":{"rendered":"Consumo"},"content":{"rendered":"\n    <section class=\"bg--primary space--xxs\">\n        <div class=\"container\">\n            <div class=\"row\">\n                <div class=\"col-sm-12\">\n                    <h1 style=\"text-align: center;\">Investigaci\u00f3n de consumo y an\u00e1lisis del consumidor<\/h1>\n                    <h3 style=\"text-align: center;\">La experiencia del cliente es clave para conseguir diferenciarse de los competidores y conseguir que el consumidor final tenga experiencias \u00fanicas<\/h3>\n                <\/div>\n            <\/div>\n            <!--end of row-->\n        <\/div>\n        <!--end of container-->\n    <\/section>\n    <section class=\"text-justify space--xs\">\n        <div class=\"container\">\n            <div class=\"row\">\n                <div class=\"col-sm-6\">\n                    <p><span>En <\/span><span><strong>eldato<\/strong><\/span><strong><span> <\/span><span>Consulting<\/span><\/strong><span> desarrollamos cada uno de los proyectos de forma objetiva, met\u00f3dica y con criterios unificados, para ello, utilizamos distintas metodolog\u00edas como las encuestas, entrevistas personales, <\/span><span>focus<\/span><span> <\/span><span>group<\/span><span>, auditor\u00edas en punto de venta y <\/span><span>mystery<\/span><span> (presencial, telef\u00f3nico y online) que nos permiten:<\/span><\/p>\n                    <li>Medir y analizar la experiencia del cliente durante todo el proceso de comprar.<\/li>\n                    <li>Conocer el nivel de satisfacci\u00f3n de los clientes o usuarios de un determinado producto o servicio, as\u00ed como la segmentaci\u00f3n y categorizaci\u00f3n de distintos aspectos.<\/li>\n                    <li>Medir los NPS y evaluar la fidelizaci\u00f3n de los clientes. para implementar un sistema de mejora continua.<\/li>\n                    <li>Analizar la competencia para ayudar en la toma de decisiones actuales o futuras.<\/li>\n                    <li>Medir los KPIs de la organizaci\u00f3n, esta evaluaci\u00f3n es fundamental para que la empresa logre los resultados deseados.<\/li>\n                    <li>Analizar la atenci\u00f3n ofrecida en los diferentes canales de venta, uniformidad, actitud, acogida, conocimiento del producto, estado, venta cruzada, etc.<\/li>\n                    <li>Evaluar el grado de satisfacci\u00f3n laboral.<\/li>\n                    <li>Medir la efectividad de las promociones en tienda chequeando en el punto de venta precios, stock del producto, ubicaci\u00f3n, competencia, entre otros.<\/li> <br>\n                    <p><strong>\n\n\u00bfQu\u00e9 conseguimos con estos estudios?<\/strong><\/p>\n                    <ol>\n                        <li>Identificar necesidades y generar medidas concretas que permitan aumentar las ventas, fidelizar a los clientes, reducir costes y aumentar el valor de la marca.<\/li>\n                        <li>Aumentar la confianza en la organizaci\u00f3n, ya que cuando el cliente es escuchado y se implementan medidas de acci\u00f3n y mejora, el cliente se siente parte de la organizaci\u00f3n.<\/li>\n                        <li>Verificar que los agentes de ventas siguen los procesos de actuaci\u00f3n y descubrir posibles deficiencias en la formaci\u00f3n de los empleados en los procesos de venta y atenci\u00f3n al cliente.<\/li>\n                        <li>Detectar, en el punto de venta, incidencias, posibles mejoras e impacto de las campa\u00f1as de marketing.<\/li>\n                    <\/ol>\n                <\/div>\n                <div class=\"col-sm-6\">\n                    <div class=\"boxed boxed--lg boxed--border bg--secondary\">\n                        <p><img class=\"alignnone size-large wp-image-5709\" src=\"https:\/\/eldatoconsulting.com\/wp-content\/uploads\/2023\/09\/pexels-angela-roma-7319322-708x1024.jpg\" alt=\"\" width=\"708\" height=\"1024\"><\/p>\n                    <\/div>\n                <\/div>\n            <\/div>\n            <!--end of row-->\n        <\/div>\n        <!--end of container-->\n    <\/section>\n","protected":false},"excerpt":{"rendered":"<p>Investigaci\u00f3n de consumo y an\u00e1lisis del consumidor La experiencia del cliente es clave para conseguir diferenciarse de los competidores y conseguir que&#8230;<\/p>\n","protected":false},"author":1,"featured_media":0,"parent":0,"menu_order":0,"comment_status":"closed","ping_status":"closed","template":"","meta":{"_monsterinsights_skip_tracking":false,"_monsterinsights_sitenote_active":false,"_monsterinsights_sitenote_note":"","_monsterinsights_sitenote_category":0,"_uf_show_specific_survey":0,"_uf_disable_surveys":false,"footnotes":""},"class_list":["post-5660","page","type-page","status-publish","hentry"],"aioseo_notices":[],"jetpack_sharing_enabled":true,"_links":{"self":[{"href":"https:\/\/eldatoconsulting.com\/index.php?rest_route=\/wp\/v2\/pages\/5660","targetHints":{"allow":["GET"]}}],"collection":[{"href":"https:\/\/eldatoconsulting.com\/index.php?rest_route=\/wp\/v2\/pages"}],"about":[{"href":"https:\/\/eldatoconsulting.com\/index.php?rest_route=\/wp\/v2\/types\/page"}],"author":[{"embeddable":true,"href":"https:\/\/eldatoconsulting.com\/index.php?rest_route=\/wp\/v2\/users\/1"}],"replies":[{"embeddable":true,"href":"https:\/\/eldatoconsulting.com\/index.php?rest_route=%2Fwp%2Fv2%2Fcomments&post=5660"}],"version-history":[{"count":9,"href":"https:\/\/eldatoconsulting.com\/index.php?rest_route=\/wp\/v2\/pages\/5660\/revisions"}],"predecessor-version":[{"id":5730,"href":"https:\/\/eldatoconsulting.com\/index.php?rest_route=\/wp\/v2\/pages\/5660\/revisions\/5730"}],"wp:attachment":[{"href":"https:\/\/eldatoconsulting.com\/index.php?rest_route=%2Fwp%2Fv2%2Fmedia&parent=5660"}],"curies":[{"name":"wp","href":"https:\/\/api.w.org\/{rel}","templated":true}]}}