{"id":5662,"date":"2023-09-04T19:26:57","date_gmt":"2023-09-04T19:26:57","guid":{"rendered":"https:\/\/eldatoconsulting.com\/?page_id=5662"},"modified":"2023-09-05T21:08:26","modified_gmt":"2023-09-05T21:08:26","slug":"opinion","status":"publish","type":"page","link":"https:\/\/eldatoconsulting.com\/?page_id=5662","title":{"rendered":"Opinion"},"content":{"rendered":"\n    <section class=\"bg--primary space--xxs\">\n        <div class=\"container\">\n            <div class=\"row\">\n                <div class=\"col-sm-12\">\n                    <h1 style=\"text-align: center;\">Estudios sociol\u00f3gicos y de opini\u00f3n p\u00fablica<\/h1>\n                    <h3 style=\"text-align: center;\">En un entorno social cada vez m\u00e1s complejo y cambiante, un estudio sociol\u00f3gico proporciona las herramientas necesarias para tener un papel m\u00e1s activo en la creaci\u00f3n, la participaci\u00f3n, la promoci\u00f3n y la gesti\u00f3n de los distintos grupos sociales<\/h3>\n                <\/div>\n            <\/div>\n            <!--end of row-->\n        <\/div>\n        <!--end of container-->\n    <\/section>\n    <section class=\"space--xs text-justify\">\n        <div class=\"container\">\n            <div class=\"row\">\n                <div class=\"col-sm-6\">\n                    <p><span>En <\/span><span><strong>eldato<\/strong><\/span><strong><span> <\/span><span>Consulting<\/span><\/strong><span> desarrollamos estudios de opini\u00f3n que nos permiten conseguir los objetivos fijados por el cliente a trav\u00e9s de distintas metodolog\u00edas como las encuestas personales, telef\u00f3nicas, <\/span><span>mystery<\/span><span> y <\/span><span>focus<\/span><span> <\/span><span>group<\/span><span>. La finalidad de la realizaci\u00f3n de este tipo de estudios es obtener informaci\u00f3n sobre las variables que influyen en determinadas problem\u00e1ticas sociales y\/o en diferentes situaciones o sectores sobre los que se quiere actuar como los estudios pol\u00edticos, relacionados con la sanidad, la educaci\u00f3n, h\u00e1bitos de vida y consumo, econom\u00eda \u2026<\/span><\/p>\n                    <p><span>Todos los estudios que realizamos son ad hoc, por lo que: <\/span><\/p>\n                    <div>\n                        <ol>\n                            <li value=\"1\">Nos reunimos con el cliente, perfilamos y agrupamos sus necesidades para definir los objetivos del estudio.<\/li>\n                            <li>Decidimos la metodolog\u00eda y dise\u00f1amos el cuestionario, que validamos con el cliente antes de lanzarlo.<\/li>\n                            <li>Realizamos el trabajo de campo, con una red de encuestadores distribuida por todo el territorio nacional.<\/li>\n                            <li>Se analizan los resultados y se hacen los informes que son entregados al cliente con las medidas de actuaci\u00f3n necesarias que permitan solucionar, revertir o mejorar el objetivo del estudio.<\/li>\n                        <\/ol><span>Con este tipo de estudios se obtienen datos veraces y actualizados, que no s\u00f3lo nos ayudan a conocer y entender lo que sucede en el presente, sino que tambi\u00e9n nos pueden ayudar a prever y medir el impacto futuro que tendr\u00e1n las decisiones o medidas actuales.<\/span>Los proyectos que realizamos pueden ser puntuales o recurrentes, permitiendo as\u00ed tener una comparativa a lo largo del tiempo.<\/div>\n                <\/div>\n                <div class=\"col-sm-6\">\n                    <div class=\"boxed boxed--lg boxed--border bg--secondary\">\n                        <p><img class=\"alignnone size-large wp-image-5723\" src=\"https:\/\/eldatoconsulting.com\/wp-content\/uploads\/2023\/09\/timon-studler-obZx1LjKKjc-unsplash-683x1024.jpg\" alt=\"\" width=\"683\" height=\"1024\"><\/p>\n                    <\/div>\n                <\/div>\n            <\/div>\n            <!--end of row-->\n        <\/div>\n        <!--end of container-->\n    <\/section>\n","protected":false},"excerpt":{"rendered":"<p>Estudios sociol\u00f3gicos y de opini\u00f3n p\u00fablica En un entorno social cada vez m\u00e1s complejo y cambiante, un estudio sociol\u00f3gico proporciona las herramientas&#8230;<\/p>\n","protected":false},"author":1,"featured_media":0,"parent":0,"menu_order":0,"comment_status":"closed","ping_status":"closed","template":"","meta":{"_monsterinsights_skip_tracking":false,"_monsterinsights_sitenote_active":false,"_monsterinsights_sitenote_note":"","_monsterinsights_sitenote_category":0,"_uf_show_specific_survey":0,"_uf_disable_surveys":false,"footnotes":""},"class_list":["post-5662","page","type-page","status-publish","hentry"],"aioseo_notices":[],"jetpack_sharing_enabled":true,"_links":{"self":[{"href":"https:\/\/eldatoconsulting.com\/index.php?rest_route=\/wp\/v2\/pages\/5662","targetHints":{"allow":["GET"]}}],"collection":[{"href":"https:\/\/eldatoconsulting.com\/index.php?rest_route=\/wp\/v2\/pages"}],"about":[{"href":"https:\/\/eldatoconsulting.com\/index.php?rest_route=\/wp\/v2\/types\/page"}],"author":[{"embeddable":true,"href":"https:\/\/eldatoconsulting.com\/index.php?rest_route=\/wp\/v2\/users\/1"}],"replies":[{"embeddable":true,"href":"https:\/\/eldatoconsulting.com\/index.php?rest_route=%2Fwp%2Fv2%2Fcomments&post=5662"}],"version-history":[{"count":10,"href":"https:\/\/eldatoconsulting.com\/index.php?rest_route=\/wp\/v2\/pages\/5662\/revisions"}],"predecessor-version":[{"id":5724,"href":"https:\/\/eldatoconsulting.com\/index.php?rest_route=\/wp\/v2\/pages\/5662\/revisions\/5724"}],"wp:attachment":[{"href":"https:\/\/eldatoconsulting.com\/index.php?rest_route=%2Fwp%2Fv2%2Fmedia&parent=5662"}],"curies":[{"name":"wp","href":"https:\/\/api.w.org\/{rel}","templated":true}]}}