{"id":5716,"date":"2023-09-04T21:45:54","date_gmt":"2023-09-04T21:45:54","guid":{"rendered":"https:\/\/eldatoconsulting.com\/?page_id=5716"},"modified":"2023-09-09T21:58:26","modified_gmt":"2023-09-09T21:58:26","slug":"blog","status":"publish","type":"page","link":"https:\/\/eldatoconsulting.com\/?page_id=5716","title":{"rendered":"Blog"},"content":{"rendered":"\n    <section class=\"bg--primary space--xxs text-center\">\n        <div class=\"container\">\n            <div class=\"row\">\n                <div class=\"col-sm-12\">\n                    <h1>Blog de eldato Consulting<\/h1>\n                <\/div>\n            <\/div>\n            <!--end of row-->\n        <\/div>\n        <!--end of container-->\n    <\/section>\n    <section class=\"text-justify space--xs\">\n        <div class=\"container\"><div class=\"\"><div class=\"row\">\n\t<div class=\"col-sm-12\">\n\t\t<div class=\"masonry\">\n\t\t\t\n\t\t\t\t\t\t\n\t\t\t<div class=\"row\">\n\t\t\t\t<div class=\"masonry__container\">\n\t\t\t\t\t<div class=\"masonry__item col-md-4 col-sm-6\"><\/div>\n\t\t\t\t\t\n\t\t\t\t\t<div id=\"post-5833\" class=\"masonry__item col-sm-6 col-md-4 post-5833 post type-post status-publish format-standard has-post-thumbnail hentry category-marketing tag-calidad tag-compras tag-consumidor tag-consumo tag-customer-experience tag-iniciativas tag-marketing tag-producto tag-servicio tag-ventas\">\n\t<article class=\"feature feature-1 pricing-1\">\n\t\n\t\t<a href=\"https:\/\/eldatoconsulting.com\/?p=5833\" class=\"block\">\n\t\t\t<img width=\"1024\" height=\"683\" src=\"https:\/\/eldatoconsulting.com\/wp-content\/uploads\/2025\/02\/8-1024x683.jpg\" class=\"attachment-large size-large wp-post-image\" alt=\"\" srcset=\"https:\/\/eldatoconsulting.com\/wp-content\/uploads\/2025\/02\/8-1024x683.jpg 1024w, https:\/\/eldatoconsulting.com\/wp-content\/uploads\/2025\/02\/8-300x200.jpg 300w, https:\/\/eldatoconsulting.com\/wp-content\/uploads\/2025\/02\/8-768x512.jpg 768w, https:\/\/eldatoconsulting.com\/wp-content\/uploads\/2025\/02\/8-1536x1024.jpg 1536w, https:\/\/eldatoconsulting.com\/wp-content\/uploads\/2025\/02\/8-2048x1365.jpg 2048w\" sizes=\"(max-width: 1024px) 100vw, 1024px\" \/>\t\t<\/a>\n\t\t\n\t\t<div class=\"feature__body boxed boxed--border\">\n\t\t\n\t\t\t\t\t\t\n\t\t\t<span class=\"type--fine-print\">\n\t\t\t\t24 febrero 2025\t\t\t<\/span>\n\t\t\t\n\t\t\t<a class=\"h5 display-block\" href=\"https:\/\/eldatoconsulting.com\/?p=5833\"><p style=\"text-align:center\">Cuatro formas de captar clientes<\/p><\/a><p>La\u202fPsicolog\u00eda del Consumidor, tambi\u00e9n conocida como Psicolog\u00eda del Marketing,\u202fes la rama de la Psicolog\u00eda encargada...<\/p>\n\t\t\t\n\t\t\t<a href=\"https:\/\/eldatoconsulting.com\/?p=5833\" class=\"btn\">Read More<\/a>\n\t\t\t\n\t\t<\/div>\n\t\t\n\t<\/article>\n<\/div><!--end item--><div id=\"post-5810\" class=\"masonry__item col-sm-6 col-md-4 post-5810 post type-post status-publish format-standard has-post-thumbnail hentry category-marketing tag-calidad tag-compras tag-consumidor tag-consumo tag-customer-experience tag-iniciativas tag-marketing tag-producto tag-servicio tag-ventas\">\n\t<article class=\"feature feature-1 pricing-1\">\n\t\n\t\t<a href=\"https:\/\/eldatoconsulting.com\/?p=5810\" class=\"block\">\n\t\t\t<img width=\"1024\" height=\"1024\" src=\"https:\/\/eldatoconsulting.com\/wp-content\/uploads\/2024\/01\/Flecha-rompiendo-el-suelo.jpeg\" class=\"attachment-large size-large wp-post-image\" alt=\"\" srcset=\"https:\/\/eldatoconsulting.com\/wp-content\/uploads\/2024\/01\/Flecha-rompiendo-el-suelo.jpeg 1024w, https:\/\/eldatoconsulting.com\/wp-content\/uploads\/2024\/01\/Flecha-rompiendo-el-suelo-300x300.jpeg 300w, https:\/\/eldatoconsulting.com\/wp-content\/uploads\/2024\/01\/Flecha-rompiendo-el-suelo-150x150.jpeg 150w, https:\/\/eldatoconsulting.com\/wp-content\/uploads\/2024\/01\/Flecha-rompiendo-el-suelo-768x768.jpeg 768w, https:\/\/eldatoconsulting.com\/wp-content\/uploads\/2024\/01\/Flecha-rompiendo-el-suelo-60x60.jpeg 60w\" sizes=\"(max-width: 1024px) 100vw, 1024px\" \/>\t\t<\/a>\n\t\t\n\t\t<div class=\"feature__body boxed boxed--border\">\n\t\t\n\t\t\t\t\t\t\n\t\t\t<span class=\"type--fine-print\">\n\t\t\t\t9 enero 2024\t\t\t<\/span>\n\t\t\t\n\t\t\t<a class=\"h5 display-block\" href=\"https:\/\/eldatoconsulting.com\/?p=5810\"><p style=\"text-align:center\">Como hundir una empresa<\/p><\/a><p>No importa la trayectoria o el tama\u00f1o de una empresa para que su idea, servicio...<\/p>\n\t\t\t\n\t\t\t<a href=\"https:\/\/eldatoconsulting.com\/?p=5810\" class=\"btn\">Read More<\/a>\n\t\t\t\n\t\t<\/div>\n\t\t\n\t<\/article>\n<\/div><!--end item--><div id=\"post-1704\" class=\"masonry__item col-sm-6 col-md-4 post-1704 post type-post status-publish format-standard has-post-thumbnail hentry category-consumo tag-calidad tag-compras tag-consumidor tag-consumo tag-lujo tag-motivacion tag-producto tag-servicio\">\n\t<article class=\"feature feature-1 pricing-1\">\n\t\n\t\t<a href=\"https:\/\/eldatoconsulting.com\/?p=1704\" class=\"block\">\n\t\t\t<img width=\"1024\" height=\"683\" src=\"https:\/\/eldatoconsulting.com\/wp-content\/uploads\/2023\/09\/pexels-pixabay-209978-1024x683.jpg\" class=\"attachment-large size-large wp-post-image\" alt=\"\" srcset=\"https:\/\/eldatoconsulting.com\/wp-content\/uploads\/2023\/09\/pexels-pixabay-209978-1024x683.jpg 1024w, https:\/\/eldatoconsulting.com\/wp-content\/uploads\/2023\/09\/pexels-pixabay-209978-300x200.jpg 300w, https:\/\/eldatoconsulting.com\/wp-content\/uploads\/2023\/09\/pexels-pixabay-209978-768x512.jpg 768w, https:\/\/eldatoconsulting.com\/wp-content\/uploads\/2023\/09\/pexels-pixabay-209978-1536x1024.jpg 1536w, https:\/\/eldatoconsulting.com\/wp-content\/uploads\/2023\/09\/pexels-pixabay-209978-2048x1365.jpg 2048w\" sizes=\"(max-width: 1024px) 100vw, 1024px\" \/>\t\t<\/a>\n\t\t\n\t\t<div class=\"feature__body boxed boxed--border\">\n\t\t\n\t\t\t\t\t\t\n\t\t\t<span class=\"type--fine-print\">\n\t\t\t\t9 septiembre 2023\t\t\t<\/span>\n\t\t\t\n\t\t\t<a class=\"h5 display-block\" href=\"https:\/\/eldatoconsulting.com\/?p=1704\">\u00bfEstamos dispuestos a comprar productos con precios elevados solo por el hecho de ser caros?<\/a><p>Si preguntamos a una persona que ha comprado un coche o un reloj de alta...<\/p>\n\t\t\t\n\t\t\t<a href=\"https:\/\/eldatoconsulting.com\/?p=1704\" class=\"btn\">Read More<\/a>\n\t\t\t\n\t\t<\/div>\n\t\t\n\t<\/article>\n<\/div><!--end item--><div id=\"post-5776\" class=\"masonry__item col-sm-6 col-md-4 post-5776 post type-post status-publish format-standard has-post-thumbnail hentry category-calidad tag-calidad tag-consumidor tag-consumo tag-iso tag-motivacion tag-norma-iso tag-producto tag-servicio\">\n\t<article class=\"feature feature-1 pricing-1\">\n\t\n\t\t<a href=\"https:\/\/eldatoconsulting.com\/?p=5776\" class=\"block\">\n\t\t\t<img width=\"1024\" height=\"572\" src=\"https:\/\/eldatoconsulting.com\/wp-content\/uploads\/2023\/09\/satisfaccion-de-cliente-1024x572.jpeg\" class=\"attachment-large size-large wp-post-image\" alt=\"\" srcset=\"https:\/\/eldatoconsulting.com\/wp-content\/uploads\/2023\/09\/satisfaccion-de-cliente-1024x572.jpeg 1024w, https:\/\/eldatoconsulting.com\/wp-content\/uploads\/2023\/09\/satisfaccion-de-cliente-300x168.jpeg 300w, https:\/\/eldatoconsulting.com\/wp-content\/uploads\/2023\/09\/satisfaccion-de-cliente-768x429.jpeg 768w, https:\/\/eldatoconsulting.com\/wp-content\/uploads\/2023\/09\/satisfaccion-de-cliente.jpeg 1200w\" sizes=\"(max-width: 1024px) 100vw, 1024px\" \/>\t\t<\/a>\n\t\t\n\t\t<div class=\"feature__body boxed boxed--border\">\n\t\t\n\t\t\t\t\t\t\n\t\t\t<span class=\"type--fine-print\">\n\t\t\t\t28 enero 2021\t\t\t<\/span>\n\t\t\t\n\t\t\t<a class=\"h5 display-block\" href=\"https:\/\/eldatoconsulting.com\/?p=5776\">Medir la satisfacci\u00f3n del cliente no es solo un indicador de Calidad para la norma ISO<\/a><p>Por norma general, Calidad significa entregar lo que fue acordado, atendiendo a los requisitos previamente...<\/p>\n\t\t\t\n\t\t\t<a href=\"https:\/\/eldatoconsulting.com\/?p=5776\" class=\"btn\">Read More<\/a>\n\t\t\t\n\t\t<\/div>\n\t\t\n\t<\/article>\n<\/div><!--end item-->\t\t\t\t\t\n\t\t\t\t<\/div><!--end of masonry container-->\n\t\t\t<\/div><!--end row-->\n\t\t\t\n\t\t\t\n<div class=\"pagination\">\n\n\t\t\n\t\t\n\t\t\n<\/div>\t\t\t\n\t\t<\/div><!--end masonry-->\n\t<\/div>\n<\/div><\/div><\/div>\n        <!--end of container-->\n    <\/section>\n","protected":false},"excerpt":{"rendered":"<p>Blog de eldato Consulting 24 febrero 2025 Cuatro formas de captar clientesLa\u202fPsicolog\u00eda del Consumidor, tambi\u00e9n conocida como Psicolog\u00eda del Marketing,\u202fes la rama&#8230;<\/p>\n","protected":false},"author":1,"featured_media":0,"parent":0,"menu_order":0,"comment_status":"closed","ping_status":"closed","template":"","meta":{"_monsterinsights_skip_tracking":false,"_monsterinsights_sitenote_active":false,"_monsterinsights_sitenote_note":"","_monsterinsights_sitenote_category":0,"_uf_show_specific_survey":0,"_uf_disable_surveys":false,"footnotes":""},"class_list":["post-5716","page","type-page","status-publish","hentry"],"aioseo_notices":[],"jetpack_sharing_enabled":true,"_links":{"self":[{"href":"https:\/\/eldatoconsulting.com\/index.php?rest_route=\/wp\/v2\/pages\/5716","targetHints":{"allow":["GET"]}}],"collection":[{"href":"https:\/\/eldatoconsulting.com\/index.php?rest_route=\/wp\/v2\/pages"}],"about":[{"href":"https:\/\/eldatoconsulting.com\/index.php?rest_route=\/wp\/v2\/types\/page"}],"author":[{"embeddable":true,"href":"https:\/\/eldatoconsulting.com\/index.php?rest_route=\/wp\/v2\/users\/1"}],"replies":[{"embeddable":true,"href":"https:\/\/eldatoconsulting.com\/index.php?rest_route=%2Fwp%2Fv2%2Fcomments&post=5716"}],"version-history":[{"count":25,"href":"https:\/\/eldatoconsulting.com\/index.php?rest_route=\/wp\/v2\/pages\/5716\/revisions"}],"predecessor-version":[{"id":5795,"href":"https:\/\/eldatoconsulting.com\/index.php?rest_route=\/wp\/v2\/pages\/5716\/revisions\/5795"}],"wp:attachment":[{"href":"https:\/\/eldatoconsulting.com\/index.php?rest_route=%2Fwp%2Fv2%2Fmedia&parent=5716"}],"curies":[{"name":"wp","href":"https:\/\/api.w.org\/{rel}","templated":true}]}}